{"id":363,"date":"2025-02-15T12:03:17","date_gmt":"2025-02-15T05:03:17","guid":{"rendered":"https:\/\/thegioiremviet.vn\/bantho\/?post_type=product&#038;p=363"},"modified":"2025-02-15T12:03:17","modified_gmt":"2025-02-15T05:03:17","slug":"ban-tho-phong-thuy-bt28","status":"publish","type":"product","link":"https:\/\/thegioiremviet.vn\/bantho\/san-pham\/ban-tho-phong-thuy-bt28\/","title":{"rendered":"B\u00e0n th\u1edd phong th\u1ee7y BT28"},"content":{"rendered":"","protected":false},"excerpt":{"rendered":"<ul>\n<li><strong><span style=\"color: #ed1c24;\">Khuy\u1ebfn m\u1ea1i:<\/span> Chi\u1ebft kh\u1ea5u theo gi\u00e1 tr\u1ecb \u0111\u01a1n h\u00e0ng<\/strong><\/li>\n<li><strong><span style=\"color: #ed1c24;\">Gi\u00e1 bao g\u1ed3m Vat:<\/span> Ch\u01b0a<\/strong><\/li>\n<li><strong><span style=\"color: #ed1c24;\">K\u00edch th\u01b0\u1edbc:<\/span> T\u00f9y ch\u1ecdn<\/strong><\/li>\n<li><strong><span style=\"color: #ed1c24;\">Ch\u1ea5t li\u1ec7u:<\/span> G\u1ed7<\/strong><\/li>\n<li><strong><span style=\"color: #ed1c24;\">M\u00e0u s\u1eafc:<\/span> T\u00f9y ch\u1ecdn<\/strong><\/li>\n<li><strong><span style=\"color: #ed1c24;\">B\u1ea3o h\u00e0nh:<\/span> 10 n\u0103m<\/strong><\/li>\n<li><strong><span style=\"color: #ed1c24;\">Mi\u1ec5n ph\u00ed<\/span> v\u1eadn chuy\u1ec3n n\u1ed9i th\u00e0nh H\u00e0 N\u1ed9i<\/strong><\/li>\n<li><strong><span style=\"color: #ed1c24;\">Giao h\u00e0ng<\/span> to\u00e0n qu\u1ed1c<\/strong><\/li>\n<li><strong><span style=\"color: #ed1c24;\">L\u01b0u \u00fd:<\/span> Gi\u00e1 \u0111\u00e3 bao g\u1ed3m c\u00f4ng l\u1eafp \u0111\u1eb7t<\/strong><\/li>\n<li><strong><span style=\"color: #ed1c24;\">H\u00ecnh th\u1ee9c mua h\u00e0ng:<\/span>\u00a0T\u1ea1i showroom ho\u1eb7c g\u1ecdi \u0111\u1ec3 \u0111\u01b0\u1ee3c t\u01b0 v\u1ea5n mi\u1ec5n ph\u00ed t\u1ea1i nh\u00e0<\/strong><\/li>\n<\/ul>\n","protected":false},"featured_media":364,"comment_status":"open","ping_status":"closed","template":"","meta":[],"product_brand":[],"product_cat":[19],"product_tag":[],"class_list":{"0":"post-363","1":"product","2":"type-product","3":"status-publish","4":"has-post-thumbnail","6":"product_cat-ban-tho-dung","8":"first","9":"instock","10":"taxable","11":"shipping-taxable","12":"purchasable","13":"product-type-simple"},"_links":{"self":[{"href":"https:\/\/thegioiremviet.vn\/bantho\/wp-json\/wp\/v2\/product\/363","targetHints":{"allow":["GET"]}}],"collection":[{"href":"https:\/\/thegioiremviet.vn\/bantho\/wp-json\/wp\/v2\/product"}],"about":[{"href":"https:\/\/thegioiremviet.vn\/bantho\/wp-json\/wp\/v2\/types\/product"}],"replies":[{"embeddable":true,"href":"https:\/\/thegioiremviet.vn\/bantho\/wp-json\/wp\/v2\/comments?post=363"}],"wp:featuredmedia":[{"embeddable":true,"href":"https:\/\/thegioiremviet.vn\/bantho\/wp-json\/wp\/v2\/media\/364"}],"wp:attachment":[{"href":"https:\/\/thegioiremviet.vn\/bantho\/wp-json\/wp\/v2\/media?parent=363"}],"wp:term":[{"taxonomy":"product_brand","embeddable":true,"href":"https:\/\/thegioiremviet.vn\/bantho\/wp-json\/wp\/v2\/product_brand?post=363"},{"taxonomy":"product_cat","embeddable":true,"href":"https:\/\/thegioiremviet.vn\/bantho\/wp-json\/wp\/v2\/product_cat?post=363"},{"taxonomy":"product_tag","embeddable":true,"href":"https:\/\/thegioiremviet.vn\/bantho\/wp-json\/wp\/v2\/product_tag?post=363"}],"curies":[{"name":"wp","href":"https:\/\/api.w.org\/{rel}","templated":true}]}}