{"id":95,"date":"2025-02-12T23:13:32","date_gmt":"2025-02-12T16:13:32","guid":{"rendered":"https:\/\/thegioiremviet.vn\/bantho\/?page_id=95"},"modified":"2025-03-03T11:53:39","modified_gmt":"2025-03-03T04:53:39","slug":"lien-he","status":"publish","type":"page","link":"https:\/\/thegioiremviet.vn\/bantho\/lien-he\/","title":{"rendered":"Li\u00ean h\u1ec7"},"content":{"rendered":"<div class=\"row\"  id=\"row-1569388801\">\n\n\t<div id=\"col-1898697815\" class=\"col medium-6 small-12 large-6\"  >\n\t\t\t\t<div class=\"col-inner\"  >\n\t\t\t\n\t\t\t\n<figure id=\"attachment_145\" aria-describedby=\"caption-attachment-145\" style=\"width: 753px\" class=\"wp-caption aligncenter\"><img loading=\"lazy\" decoding=\"async\" class=\"size-full wp-image-145\" src=\"https:\/\/thegioiremviet.vn\/bantho\/wp-content\/uploads\/2025\/02\/Dia-chi-lien-he-The-gioi-rem-Viet-753x800-1.webp\" alt=\"Dia-chi-lien-he-The-gioi-rem-Viet\" width=\"753\" height=\"800\" srcset=\"https:\/\/thegioiremviet.vn\/bantho\/wp-content\/uploads\/2025\/02\/Dia-chi-lien-he-The-gioi-rem-Viet-753x800-1.webp 753w, https:\/\/thegioiremviet.vn\/bantho\/wp-content\/uploads\/2025\/02\/Dia-chi-lien-he-The-gioi-rem-Viet-753x800-1-282x300.webp 282w, https:\/\/thegioiremviet.vn\/bantho\/wp-content\/uploads\/2025\/02\/Dia-chi-lien-he-The-gioi-rem-Viet-753x800-1-600x637.webp 600w\" sizes=\"auto, (max-width: 753px) 100vw, 753px\" \/><figcaption id=\"caption-attachment-145\" class=\"wp-caption-text\">Dia-chi-lien-he-The-gioi-rem-Viet<\/figcaption><\/figure>\n\t<div class=\"img has-hover x md-x lg-x y md-y lg-y\" id=\"image_767185963\">\n\t\t<a class=\"\" href=\"https:\/\/thegioiremviet.vn\/\" >\t\t\t\t\t\t<div class=\"img-inner dark\" >\n\t\t\t\t\t\t\t\t\t\n\t\t\t\t\t<\/div>\n\t\t\t\t\t\t<\/a>\t\t\n<style>\n#image_767185963 {\n  width: 100%;\n}\n<\/style>\n\t<\/div>\n\t\n\t\t<\/div>\n\t\t\t\t\t<\/div>\n\n\t\n\n\t<div id=\"col-685327640\" class=\"col medium-6 small-12 large-6\"  >\n\t\t\t\t<div class=\"col-inner\"  >\n\t\t\t\n\t\t\t\n<h1 style=\"text-align: center;\"><span style=\"color: #f99b1c; font-size: 120%; font-family: 'times new roman', times, serif;\"><strong>TH\u1ebe GI\u1edaI R\u00c8M VI\u1ec6T<\/strong><\/span><\/h1>\n<h2><span style=\"font-family: 'times new roman', times, serif;\"><strong>TR\u1ee4 S\u1ede CH\u00cdNH<\/strong><\/span><\/h2>\n<ul>\n<li><span style=\"font-family: 'times new roman', times, serif;\"><strong>\u0110\u1ecba Ch\u1ec9: <a href=\"https:\/\/maps.app.goo.gl\/DxFdS4e7CSnRWozw5\" target=\"_blank\" rel=\"noopener\">C\u0103n bi\u1ec7t th\u1ef1 TT4C-11 K\u0110T M\u1edbi \u0110\u1ea1i Kim, Q. Ho\u00e0ng Mai, Tp. H\u00e0 N\u1ed9i<\/a><\/strong><\/span><\/li>\n<li><span style=\"font-family: 'times new roman', times, serif;\"><strong>Hotline: <span style=\"color: #ff0000;\"><a class=\"text-is-phone-number\" style=\"color: #ff0000;\">093.413.2222<\/a><\/span><\/strong><\/span><\/li>\n<li><span style=\"font-family: 'times new roman', times, serif;\"><strong>E-mail:<\/strong> tadamo.vn@gmail.com<\/span><\/li>\n<\/ul>\n<h2><span style=\"font-family: 'times new roman', times, serif;\"><strong>SHOWROOM H\u00c0 N\u1ed8I<\/strong><\/span><\/h2>\n<ul>\n<li><span style=\"font-family: 'times new roman', times, serif;\"><strong>\u0110\u1ecba Ch\u1ec9:<\/strong> <span class=\"text\"><a href=\"https:\/\/goo.gl\/maps\/PokN5SYRHDw8yKwV6\" rel=\"nofollow noopener\" target=\"_blank\">S\u1ed1 187 \u0111\u01b0\u1eddng Khu\u1ea5t Duy Ti\u1ebfn, ph\u01b0\u1eddng Nh\u00e2n Ch\u00ednh, qu\u1eadn Thanh Xu\u00e2n, HN<\/a><\/span><\/span><\/li>\n<li><span style=\"font-family: 'times new roman', times, serif;\"><strong>Hotline: <span style=\"color: #ff0000;\"><a class=\"text-is-phone-number\" style=\"color: #ff0000;\">093.413.2222<\/a><\/span><\/strong><\/span><\/li>\n<li><span style=\"font-family: 'times new roman', times, serif;\"><strong>E-mail:<\/strong> tadamo.vn@gmail.com<\/span><\/li>\n<\/ul>\n<h3><span style=\"font-family: 'times new roman', times, serif;\"><strong>H\u1ec7 th\u1ed1ng \u0111\u1ea1i l\u00fd:<\/strong><\/span><\/h3>\n<ul>\n<li><span style=\"font-family: 'times new roman', times, serif;\"><strong>C\u01a1 s\u1edf 2:<\/strong> S\u1ed1 9\/93, ng\u00f5 V\u0103n H\u01b0\u01a1ng, ph\u01b0\u1eddng H\u00e0ng B\u1ed9t, qu\u1eadn \u0110\u1ed1ng \u0110a, HN<\/span><\/li>\n<li><span style=\"font-family: 'times new roman', times, serif;\"><span class=\"text\"><strong>C\u01a1 s\u1edf 3:<\/strong> S\u1ed1 4 ng\u00f5 557 \u0111\u01b0\u1eddng Nguy\u1ec5n V\u0103n Linh, t\u1ed5 21, ph\u01b0\u1eddng S\u00e0i <\/span><span class=\"text\">\u0110\u1ed3ng, qu\u1eadn Long Bi\u00ean, HN<br \/>\n<\/span><\/span><\/li>\n<li><span class=\"text\" style=\"font-family: 'times new roman', times, serif;\"><strong>C\u01a1 s\u1edf 4:<\/strong> S\u1ed1 83 \u0111\u01b0\u1eddng Xu\u00e2n La, qu\u1eadn B\u1eafc T\u1eeb Li\u00eam, HN<br \/>\n<\/span><\/li>\n<li><span class=\"text\" style=\"font-family: 'times new roman', times, serif;\"><strong>C\u01a1 s\u1edf 5:<\/strong> 81TT1 khu \u0111\u00f4 th\u1ecb V\u0103n Ph\u00fa, qu\u1eadn H\u00e0 \u0110\u00f4ng, HN.<\/span><\/li>\n<\/ul>\n<h2><span style=\"font-family: 'times new roman', times, serif;\"><strong>SHOWROOM TP H\u1ed2 CH\u00cd MINH<\/strong><\/span><\/h2>\n<ul>\n<li><span style=\"font-family: 'times new roman', times, serif;\"><strong>\u0110\u1ecba ch\u1ec9:<\/strong> 46A \u0110\u01b0\u1eddng T\u00e2n Th\u1edbi Hi\u1ec7p 13, T\u00e2n Th\u1edbi Hi\u1ec7p, Qu\u1eadn 12, Th\u00e0nh ph\u1ed1 H\u1ed3 Ch\u00ed Minh, Vi\u1ec7t Nam<\/span><\/li>\n<li><span style=\"font-family: 'times new roman', times, serif;\"><strong>Hotline: <span style=\"color: #ff0000;\"><a class=\"text-is-phone-number\" style=\"color: #ff0000;\">093.413.2222<\/a><\/span><\/strong><\/span><\/li>\n<li><span style=\"font-family: 'times new roman', times, serif;\"><strong>Email:<\/strong> tadamo.vn@gmail.com<\/span><\/li>\n<\/ul>\n<h2><span class=\"text\" style=\"font-family: 'times new roman', times, serif;\"><strong>SHOWROOM QU\u1ea2NG NINH<\/strong><\/span><\/h2>\n<ul>\n<li><span class=\"text\" style=\"font-family: 'times new roman', times, serif;\"><strong> \u0110\u1ecba ch\u1ec9:<\/strong> 784 \u0110\u01b0\u1eddng H\u1ea1 Long, ph\u01b0\u1eddng B\u00e3i Ch\u00e1y, th\u00e0nh ph\u1ed1 H\u1ea1 Long, Qu\u1ea3ng Ninh<br \/>\n<\/span><\/li>\n<li><span style=\"font-family: 'times new roman', times, serif;\"><strong><span class=\"text\">Hotline: <span style=\"color: #ff0000;\"><a class=\"text-is-phone-number\" style=\"color: #ff0000;\">093.413.2222<\/a><\/span><\/span><\/strong><\/span><\/li>\n<\/ul>\n<h2><span class=\"text\" style=\"font-family: 'times new roman', times, serif;\"><strong>SHOWROOM NGH\u1ec6 AN<\/strong><\/span><\/h2>\n<ul>\n<li><span style=\"font-family: 'times new roman', times, serif;\"><strong>\u0110\u1ecba ch\u1ec9:<\/strong> Th\u00f4n 7,x\u00e3 Qu\u1ef3nh Vinh, Th\u1ecb x\u00e3 Ho\u00e0ng Mai, t\u1ec9nh Ngh\u1ec7 An<\/span><\/li>\n<li><span style=\"font-family: 'times new roman', times, serif;\"><strong>Hotline:<\/strong> <strong><span style=\"color: #ff0000;\"><a class=\"text-is-phone-number\" style=\"color: #ff0000;\">093.413.2222<\/a><\/span><\/strong><\/span><\/li>\n<li><span style=\"font-family: 'times new roman', times, serif;\"><strong>\u0110\u1ecba ch\u1ec9:<\/strong> S\u1ed1 93 L\u00fd Th\u01b0\u1eddng Ki\u1ec7t, Tp Vinh, Ngh\u1ec7 An<\/span><\/li>\n<li><span style=\"font-family: 'times new roman', times, serif;\"><strong>Hotline:<\/strong> <strong><span style=\"color: #ff0000;\"><a class=\"text-is-phone-number\" style=\"color: #ff0000;\">093.413.2222<\/a><\/span><\/strong><\/span><\/li>\n<\/ul>\n<p><span style=\"font-family: 'times new roman', times, serif;\"><strong><em>Website ch\u00ednh th\u1ee9c: <a href=\"https:\/\/thegioiremviet.vn\/bantho\">https:\/\/thegioiremviet.vn\/bantho<\/a><\/em><\/strong><\/span><\/p>\n<div id=\"gtx-trans\" style=\"position: absolute; left: 84px; top: -5.64062px;\">\n<div class=\"gtx-trans-icon\"><\/div>\n<\/div>\n<p><span style=\"font-family: 'times new roman', times, serif;\">\t\t<\/div>\n\t\t\t\t\t<\/div>\n\n\t<\/span><\/p>\n<p><span style=\"font-family: 'times new roman', times, serif;\"><\/div><\/span><\/p>\n","protected":false},"excerpt":{"rendered":"","protected":false},"author":1,"featured_media":0,"parent":0,"menu_order":0,"comment_status":"closed","ping_status":"closed","template":"","meta":{"footnotes":""},"class_list":["post-95","page","type-page","status-publish","hentry"],"_links":{"self":[{"href":"https:\/\/thegioiremviet.vn\/bantho\/wp-json\/wp\/v2\/pages\/95","targetHints":{"allow":["GET"]}}],"collection":[{"href":"https:\/\/thegioiremviet.vn\/bantho\/wp-json\/wp\/v2\/pages"}],"about":[{"href":"https:\/\/thegioiremviet.vn\/bantho\/wp-json\/wp\/v2\/types\/page"}],"author":[{"embeddable":true,"href":"https:\/\/thegioiremviet.vn\/bantho\/wp-json\/wp\/v2\/users\/1"}],"replies":[{"embeddable":true,"href":"https:\/\/thegioiremviet.vn\/bantho\/wp-json\/wp\/v2\/comments?post=95"}],"version-history":[{"count":0,"href":"https:\/\/thegioiremviet.vn\/bantho\/wp-json\/wp\/v2\/pages\/95\/revisions"}],"wp:attachment":[{"href":"https:\/\/thegioiremviet.vn\/bantho\/wp-json\/wp\/v2\/media?parent=95"}],"curies":[{"name":"wp","href":"https:\/\/api.w.org\/{rel}","templated":true}]}}