{"id":135,"date":"2025-02-13T00:15:55","date_gmt":"2025-02-12T17:15:55","guid":{"rendered":"https:\/\/thegioiremviet.vn\/bantho\/?page_id=135"},"modified":"2025-02-13T00:15:55","modified_gmt":"2025-02-12T17:15:55","slug":"chinh-sach-bao-hanh","status":"publish","type":"page","link":"https:\/\/thegioiremviet.vn\/bantho\/chinh-sach-bao-hanh\/","title":{"rendered":"Ch\u00ednh s\u00e1ch b\u1ea3o h\u00e0nh"},"content":{"rendered":"<p><strong><span style=\"color: #f99b1c;\"><a style=\"color: #f99b1c;\" href=\"https:\/\/thegioiremviet.vn\/\">Th\u1ebf gi\u1edbi r\u00e8m Vi\u1ec7t<\/a><\/span><\/strong> lu\u00f4n cam k\u1ebft mang l\u1ea1i cho kh\u00e1ch h\u00e0ng nh\u1eefng s\u1ea3n ph\u1ea9m v\u00e0 ch\u1ea5t l\u01b0\u1ee3ng d\u1ecbch v\u1ee5 t\u1ed1t nh\u1ea5t. \u0110\u1ed9i ng\u0169 nh\u00e2n vi\u00ean c\u1ee7a ch\u00fang t\u00f4i c\u1ef1c k\u00ec ch\u00fa tr\u1ecdng t\u1edbi c\u1ea3m nh\u1eadn v\u00e0 s\u1ef1 h\u00e0i l\u00f2ng c\u1ee7a kh\u00e1ch h\u00e0ng tr\u01b0\u1edbc, trong v\u00e0 sau khi mua s\u1ea3n ph\u1ea9m.<\/p>\n<p>\u0110\u1ec3 qu\u00fd kh\u00e1ch h\u00e0ng \u0111\u1ea1t \u0111\u01b0\u1ee3c l\u1ee3i \u00edch cao nh\u1ea5t, k\u00e8m theo \u0111\u00f3 l\u00e0 th\u1ec3 hi\u1ec7n s\u1ef1 chuy\u00ean nghi\u1ec7p c\u1ee7a ch\u00fang t\u00f4i. C\u00e1c s\u1ea3n ph\u1ea9m c\u1ee7a ch\u00fang t\u00f4i lu\u00f4n c\u00f3 m\u1ed9t ch\u1ebf \u0111\u1ed9 b\u1ea3o h\u00e0nh tuy\u1ec7t v\u1eddi nh\u1ea5t d\u00e0nh cho ng\u01b0\u1eddi ti\u00eau d\u00f9ng trong m\u1ed9t th\u1eddi gian d\u00e0i. C\u00e1c s\u1ea3n ph\u1ea9m r\u00e8m kh\u00e1c nhau s\u1ebd c\u00f3 c\u00e1c g\u00f3i b\u1ea3o h\u00e0nh kh\u00e1c nhau trong m\u1ed9t th\u1eddi gian ri\u00eang. Trong qu\u00e1 tr\u00ecnh s\u1eed d\u1ee5ng, n\u1ebfu qu\u00fd kh\u00e1ch ph\u00e1t hi\u1ec7n c\u00e1c l\u1ed7i n\u00e0o do nh\u00e0 s\u1ea3n xu\u1ea5t hay l\u1ed7i c\u1ee7a \u0111\u1ed9i thi c\u00f4ng g\u00e2y ra. Qu\u00fd kh\u00e1ch vui l\u00f2ng li\u00ean h\u1ec7 ngay v\u1edbi ch\u00fang t\u00f4i theo hotline: <strong><a class=\"text-is-phone-number\">0326.53.53.53<\/a><\/strong> \u0111\u1ec3 \u0111\u01b0\u1ee3c <strong>Th\u1ebf gi\u1edbi r\u00e8m Vi\u1ec7t<\/strong> ti\u1ebfn h\u00e0nh x\u1eed l\u00fd v\u00e0 b\u1ea3o h\u00e0nh k\u1ecbp th\u1eddi.<\/p>\n<p><img loading=\"lazy\" decoding=\"async\" class=\"aligncenter wp-image-3021 size-full\" title=\"Ch\u00ednh s\u00e1ch b\u1ea3o h\u00e0nh\" src=\"https:\/\/thegioiremviet.vn\/wp-content\/uploads\/2020\/03\/chinh-sach-bao-hanh-the-gioi-rem-viet.jpg\" alt=\"Ch\u00ednh s\u00e1ch b\u1ea3o h\u00e0nh\" width=\"800\" height=\"449\" \/><\/p>\n<p>D\u01b0\u1edbi \u0111\u00e2y l\u00e0\u00a0<strong>ch\u00ednh s\u00e1ch b\u1ea3o h\u00e0nh<\/strong>\u00a0v\u00e0 ch\u00ednh s\u00e1ch \u0111\u00e3i ng\u1ed9 c\u1ee7a <strong>Th\u1ebf gi\u1edbi r\u00e8m Vi\u1ec7t<\/strong> d\u00e0nh cho qu\u00fd kh\u00e1ch:<\/p>\n<ul>\n<li>Th\u1ebf gi\u1edbi r\u00e8m Vi\u1ec7t ch\u1ec9 ti\u1ebfn h\u00e0nh b\u1ea3o h\u00e0nh s\u1ea3n ph\u1ea9m do l\u1ed7i c\u1ee7a nh\u00e0 s\u1ea3n xu\u1ea5t trong th\u1eddi gian quy \u0111\u1ecbnh ban \u0111\u1ea7u. Sau khi h\u1ebft h\u1ea1n b\u1ea3o h\u00e0nh, ch\u00fang t\u00f4i v\u1eabn ti\u1ebfn h\u00e0nh b\u1ea3o tr\u00ec s\u1ea3n ph\u1ea9m v\u1edbi m\u1ee9c gi\u00e1 \u01b0u \u0111\u00e3i nh\u1ea5t cho qu\u00fd kh\u00e1ch.<\/li>\n<li>Trong th\u1eddi gian 48 gi\u1edd k\u1ec3 t\u1eeb khi nh\u1eadn \u0111\u01b0\u1ee3c th\u00f4ng b\u00e1o, Sofa G\u1ed1c s\u1ebd nhanh ch\u00f3ng c\u00f3 m\u1eb7t \u0111\u1ec3 ti\u1ebfn h\u00e0nh s\u1eeda ch\u1eefa, b\u1ea3o h\u00e0nh s\u1ea3n ph\u1ea9m. Tuy nhi\u00ean n\u1ebfu trong \u0111i\u1ec1u ki\u1ec7n th\u1eddi ti\u1ebft kh\u1eafc nghi\u1ec7t (m\u01b0a b\u00e3o, thi\u00ean tai\u2026), ch\u00fang t\u00f4i s\u1ebd th\u00f4ng b\u00e1o th\u1eddi gian \u0111\u1ebfn b\u1ea3o h\u00e0nh theo th\u1ecfa thu\u1eadn c\u1ee7a c\u1ea3 hai b\u00ean.<\/li>\n<li>C\u00e1c s\u1ea3n ph\u1ea9m ph\u1ee5 ki\u1ec7n \u0111i k\u00e8m, ho\u1eb7c c\u00e1c s\u1ea3n ph\u1ea9m \u0111\u01b0\u1ee3c t\u1eb7ng k\u00e8m theo khuy\u1ebfn m\u00e3i v\u1eabn \u0111\u01b0\u1ee3c b\u1ea3o h\u00e0nh ch\u00ednh h\u00e3ng.<\/li>\n<\/ul>\n<p><strong>L\u01b0u \u00fd<\/strong>: qu\u00fd kh\u00e1ch kh\u00f4ng \u0111\u01b0\u1ee3c t\u1ef1 s\u1eeda ch\u1eefa s\u1ea3n ph\u1ea9m khi ph\u00e1t hi\u1ec7n l\u1ed7i. Ch\u00fang t\u00f4i s\u1ebd kh\u00f4ng ch\u1ecbu tr\u00e1ch nhi\u1ec7m v\u1ec1 nh\u1eefng s\u1ea3n ph\u1ea9m qu\u00fd kh\u00e1ch \u0111\u00e3 ti\u1ebfn h\u00e0nh s\u1eeda ch\u1eefa kh\u00f4ng th\u00e0nh c\u00f4ng.<\/p>\n","protected":false},"excerpt":{"rendered":"<p>Th\u1ebf gi\u1edbi r\u00e8m Vi\u1ec7t lu\u00f4n cam k\u1ebft mang l\u1ea1i cho kh\u00e1ch h\u00e0ng nh\u1eefng s\u1ea3n ph\u1ea9m v\u00e0 ch\u1ea5t l\u01b0\u1ee3ng d\u1ecbch v\u1ee5 t\u1ed1t nh\u1ea5t. \u0110\u1ed9i ng\u0169 nh\u00e2n vi\u00ean c\u1ee7a ch\u00fang t\u00f4i c\u1ef1c k\u00ec ch\u00fa tr\u1ecdng t\u1edbi c\u1ea3m nh\u1eadn v\u00e0 s\u1ef1 h\u00e0i l\u00f2ng c\u1ee7a kh\u00e1ch h\u00e0ng tr\u01b0\u1edbc, trong v\u00e0 sau khi mua s\u1ea3n ph\u1ea9m. \u0110\u1ec3 qu\u00fd kh\u00e1ch h\u00e0ng [&#8230;]\n","protected":false},"author":1,"featured_media":0,"parent":0,"menu_order":0,"comment_status":"closed","ping_status":"closed","template":"","meta":{"footnotes":""},"class_list":["post-135","page","type-page","status-publish","hentry"],"_links":{"self":[{"href":"https:\/\/thegioiremviet.vn\/bantho\/wp-json\/wp\/v2\/pages\/135","targetHints":{"allow":["GET"]}}],"collection":[{"href":"https:\/\/thegioiremviet.vn\/bantho\/wp-json\/wp\/v2\/pages"}],"about":[{"href":"https:\/\/thegioiremviet.vn\/bantho\/wp-json\/wp\/v2\/types\/page"}],"author":[{"embeddable":true,"href":"https:\/\/thegioiremviet.vn\/bantho\/wp-json\/wp\/v2\/users\/1"}],"replies":[{"embeddable":true,"href":"https:\/\/thegioiremviet.vn\/bantho\/wp-json\/wp\/v2\/comments?post=135"}],"version-history":[{"count":0,"href":"https:\/\/thegioiremviet.vn\/bantho\/wp-json\/wp\/v2\/pages\/135\/revisions"}],"wp:attachment":[{"href":"https:\/\/thegioiremviet.vn\/bantho\/wp-json\/wp\/v2\/media?parent=135"}],"curies":[{"name":"wp","href":"https:\/\/api.w.org\/{rel}","templated":true}]}}