{"id":133,"date":"2025-02-13T00:15:09","date_gmt":"2025-02-12T17:15:09","guid":{"rendered":"https:\/\/thegioiremviet.vn\/bantho\/?page_id=133"},"modified":"2025-02-13T00:15:09","modified_gmt":"2025-02-12T17:15:09","slug":"mua-hang-va-thanh-toan","status":"publish","type":"page","link":"https:\/\/thegioiremviet.vn\/bantho\/mua-hang-va-thanh-toan\/","title":{"rendered":"Mua H\u00e0ng V\u00e0 Thanh To\u00e1n"},"content":{"rendered":"<p>Quy \u0111\u1ecbnh v\u00e0 ch\u00ednh s\u00e1ch v\u1ec1 mua h\u00e0ng, thanh to\u00e1n v\u00e0 giao nh\u1eadn c\u1ee7a Th\u1ebf gi\u1edbi r\u00e8m Vi\u1ec7t<\/p>\n<h2><strong>1. H\u01b0\u1edbng d\u1eabn mua h\u00e0ng<\/strong><\/h2>\n<p>Mua h\u00e0ng tr\u1ef1c ti\u1ebfp:<\/p>\n<ul>\n<li>Qu\u00fd kh\u00e1ch c\u00f3 th\u1ec3 \u0111\u1ebfn xem v\u00e0 mua s\u1eafm tr\u1ef1c ti\u1ebfp t\u1ea1i Showroom c\u1ee7a Th\u1ebf gi\u1edbi r\u00e8m Vi\u1ec7t t\u1ea1i \u0111\u1ecba ch\u1ec9: 187 Khu\u1ea5t Duy Ti\u1ebfn &#8211; Thanh Xu\u00e2n &#8211; H\u00e0 N\u1ed9i<\/li>\n<\/ul>\n<p>Li\u00ean h\u1ec7 \u0111\u1eb7t h\u00e0ng online<\/p>\n<ul>\n<li>Qu\u00fd kh\u00e1ch c\u00f3 th\u1ec3 l\u1ef1a ch\u1ecdn tr\u00ean website v\u00e0 \u0111\u1eb7t h\u00e0ng theo y\u00eau c\u1ea7u ri\u00eang (n\u1ebfu c\u00f3 m\u1eabu s\u1eb5n). S\u1ea3n ph\u1ea9m c\u1eaft may ri\u00eang s\u1ebd \u0111\u1ea3m b\u1ea3o v\u1ec1 k\u00edch th\u01b0\u1edbc, m\u00e0u s\u1eafc, ch\u1ea5t li\u1ec7u s\u1ea3n ph\u1ea9m.<\/li>\n<li>Qu\u00fd kh\u00e1ch vui l\u00f2ng li\u00ean h\u1ec7 qua Hotline: <strong><a class=\"text-is-phone-number\">0326.53.53.53<\/a><\/strong>\u00a0. Qu\u00fd kh\u00e1ch s\u1ebd \u0111\u01b0\u1ee3c c\u00e1c t\u01b0 v\u1ea5n vi\u00ean chuy\u00ean nghi\u1ec7p v\u00e0 \u0111\u1ed9i ng\u0169 thi\u1ebft k\u1ebf h\u1ed7 tr\u1ee3 t\u1eadn t\u00ecnh \u0111\u1ec3 gi\u00fap qu\u00fd kh\u00e1ch nh\u1eadn \u0111\u01b0\u1ee3c nh\u1eefng g\u1ee3i \u00fd ch\u00ednh x\u00e1c trong vi\u1ec7c l\u1ef1a ch\u1ecdn c\u00e1c s\u1ea3n ph\u1ea9m ph\u00f9 h\u1ee3p v\u1edbi c\u0103n nh\u00e0 c\u1ee7a m\u00ecnh.<\/li>\n<li>\u0110\u1eb7t h\u00e0ng qua email<a href=\"mailto:tadamo.vn@gmail.com\"><strong> tadamo.vn@gmail.com<\/strong><\/a>\u00a0ho\u1eb7c\u00a0<a href=\"https:\/\/thegioiremviet.vn\/lien-he\/\">Li\u00ean H\u1ec7\u00a0Online<\/a>. Th\u1ebf gi\u1edbi r\u00e8m Vi\u1ec7t\u00a0s\u1ebd nhanh ch\u00f3ng li\u00ean h\u1ec7 l\u1ea1i v\u1edbi b\u1ea1n \u0111\u1ec3 trao \u0111\u1ed5i th\u00f4ng tin c\u1ee5 th\u1ec3 v\u00e0 th\u1ed1ng nh\u1ea5t c\u00e1c ph\u01b0\u01a1ng \u00e1n <a href=\"https:\/\/thietkenoithatgo.net\/thi-cong-noi-that\/\" target=\"_blank\" rel=\"noopener\">thi c\u00f4ng n\u1ed9i th\u1ea5t<\/a>.<\/li>\n<\/ul>\n<figure id=\"attachment_10732\" aria-describedby=\"caption-attachment-10732\" style=\"width: 578px\" class=\"wp-caption aligncenter\"><img loading=\"lazy\" decoding=\"async\" class=\"size-medium wp-image-10732\" src=\"https:\/\/thegioiremviet.vn\/wp-content\/uploads\/2021\/06\/Ch\u00ednh-s\u00e1ch-mua-h\u00e0ng-v\u00e0-thanh-to\u00e1n-t\u1ea1i-Th\u1ebf-Gi\u1edbi-R\u00e8m-Vi\u1ec7t-578x400.jpg\" alt=\"Ch\u00ednh s\u00e1ch mua h\u00e0ng v\u00e0 thanh to\u00e1n t\u1ea1i Th\u1ebf Gi\u1edbi R\u00e8m Vi\u1ec7t\" width=\"578\" height=\"400\" \/><figcaption id=\"caption-attachment-10732\" class=\"wp-caption-text\"><em>Ch\u00ednh s\u00e1ch mua h\u00e0ng v\u00e0 thanh to\u00e1n t\u1ea1i Th\u1ebf Gi\u1edbi R\u00e8m Vi\u1ec7t<\/em><\/figcaption><\/figure>\n<h2><strong>2. H\u00ecnh th\u1ee9c thanh to\u00e1n<\/strong><\/h2>\n<h4><strong>2.1 H\u00ecnh th\u1ee9c thanh to\u00e1n online<\/strong><\/h4>\n<p>\u0110\u1ed1i v\u1edbi qu\u00fd kh\u00e1ch h\u00e0ng sau khi \u0111\u1eb7t h\u00e0ng tr\u00ean web v\u00e0 thanh to\u00e1n online tr\u01b0\u1edbc vui l\u00f2ng chuy\u1ec3n kho\u1ea3n t\u1edbi \u0111\u1ecba ch\u1ec9:<\/p>\n<p style=\"text-align: center;\"><span style=\"font-size: 150%;\"><strong>TECHCOMBANK:\u00a0<\/strong><\/span><\/p>\n<p style=\"text-align: center;\"><strong>S\u1ed1 T\u00e0i Kho\u1ea3n: <span style=\"color: #ff0000; font-size: 150%;\">19026038581023<\/span><\/strong><\/p>\n<p style=\"text-align: center;\"><strong>Ch\u1ee7 T\u00e0i Kho\u1ea3n: <span style=\"color: #ff0000; font-size: 150%;\">DINH VAN MINH<\/span><\/strong><\/p>\n<p style=\"text-align: center;\"><strong>Techcombank chi nh\u00e1nh H\u00e0 T\u00e2y<\/strong><\/p>\n<p>N\u1ed9i dung chuy\u1ec3n kho\u1ea3n:\u00a0 [T\u00ean Facebook ho\u1eb7c S\u0110T, H\u1ecd T\u00ean] chuyen khoan dat hang [T\u00ean S\u1ea3n Ph\u1ea9m]\n<p>Khi ho\u00e0n t\u1ea5t th\u1ee7 t\u1ee5c g\u1eedi ti\u1ec1n, xin qu\u00fd kh\u00e1ch vui l\u00f2ng li\u00ean h\u1ec7 v\u1edbi ch\u00fang t\u00f4i qua s\u1ed1 \u0111i\u1ec7n tho\u1ea1i <strong><a class=\"text-is-phone-number\">0326.53.53.53<\/a><\/strong>\u00a0\u0111\u1ec3 x\u00e1c nh\u1eadn \u0111\u01a1n h\u00e0ng.<\/p>\n<h4><strong>2.2\u00a0 H\u00ecnh th\u1ee9c thanh to\u00e1n tr\u1ef1c ti\u1ebfp<\/strong><\/h4>\n<p>\u0110\u1ed1i v\u1edbi qu\u00fd kh\u00e1ch t\u1edbi tr\u1ef1c ti\u1ebfp showroom c\u1ee7a Th\u1ebf gi\u1edbi r\u00e8m Vi\u1ec7t c\u00f3 th\u1ec3:<\/p>\n<ul>\n<li>Thanh to\u00e1n tr\u1ef1c ti\u1ebfp t\u1ea1i Showroom<\/li>\n<li>Thanh to\u00e1n tr\u1ef1c ti\u1ebfp t\u1ea1i gia \u0111\u00ecnh sau khi nh\u1eadn \u0111\u01b0\u1ee3c h\u00e0ng v\u00e0 l\u1eafp \u0111\u1eb7t xong xu\u00f4i.<\/li>\n<\/ul>\n<h2><strong>3. Ch\u00ednh s\u00e1ch giao h\u00e0ng<\/strong><\/h2>\n<p>\u0110\u1ed1i v\u1edbi qu\u00fd kh\u00e1ch h\u00e0ng \u1edf n\u1ed9i th\u00e0nh H\u00e0 N\u1ed9i, khi ti\u1ebfn h\u00e0ng mua h\u00e0ng v\u00e0 thanh to\u00e1n s\u1ebd \u0111\u01b0\u1ee3c mi\u1ec5n ph\u00ed ho\u00e0n to\u00e0n chi ph\u00ed v\u1eadn chuy\u1ec3n v\u00e0 chi ph\u00ed l\u1eafp \u0111\u1eb7t. V\u1edbi c\u00e1c s\u1ea3n ph\u1ea9m c\u1eaft may ri\u00eang th\u1eddi gian s\u1ea3n ph\u1ea9m \u0111\u01b0\u1ee3c giao t\u1edbi nh\u00e0 c\u00e1c b\u1ea1n trong v\u00f2ng t\u1eeb 5-7 ng\u00e0y.<\/p>\n<p>\u0110\u1ed1i v\u1edbi qu\u00fd kh\u00e1ch \u1edf ngo\u1ea1i th\u00e0nh H\u00e0 N\u1ed9i v\u00e0 c\u00e1c t\u1ec9nh kh\u00e1c. Th\u1ebf gi\u1edbi r\u00e8m Vi\u1ec7t s\u1ebd giao h\u00e0ng cho qu\u00fd kh\u00e1ch trong v\u00f2ng t\u1eeb 24-48 gi\u1edd v\u00e0 sau t\u1eeb 7 -10 ng\u00e0y (n\u1ebfu l\u00e0 s\u1ea3n ph\u1ea9m \u0111\u1eb7t mua).<\/p>\n<p>\u0110\u1ed1i v\u1edbi tr\u01b0\u1eddng h\u1ee3p qu\u00fd kh\u00e1ch mua h\u00e0ng trong c\u00e1c d\u1ecbp l\u1ec5, t\u1ebft ho\u1eb7c g\u1eb7p m\u1ed9t s\u1ed1 \u0111i\u1ec1u ki\u1ec7n kh\u00e1ch quan nh\u01b0 ph\u01b0\u01a1ng ti\u1ec7n h\u1ecfng h\u00f3c, th\u1eddi ti\u1ebft x\u1ea5u, g\u1eb7p thi\u00ean tai\u2026 Th\u1ebf gi\u1edbi r\u00e8m Vi\u1ec7t s\u1ebd th\u01b0\u01a1ng l\u01b0\u1ee3ng v\u1edbi qu\u00fd kh\u00e1ch v\u1ec1 th\u1eddi gian giao h\u00e0ng \u0111\u1ec3 \u0111\u1ea3m b\u1ea3o ti\u1ebfn \u0111\u1ed9 thi c\u00f4ng v\u00e0 ch\u1ea5t l\u01b0\u1ee3ng c\u1ee7a s\u1ea3n ph\u1ea9m.<\/p>\n","protected":false},"excerpt":{"rendered":"<p>Quy \u0111\u1ecbnh v\u00e0 ch\u00ednh s\u00e1ch v\u1ec1 mua h\u00e0ng, thanh to\u00e1n v\u00e0 giao nh\u1eadn c\u1ee7a Th\u1ebf gi\u1edbi r\u00e8m Vi\u1ec7t 1. H\u01b0\u1edbng d\u1eabn mua h\u00e0ng Mua h\u00e0ng tr\u1ef1c ti\u1ebfp: Qu\u00fd kh\u00e1ch c\u00f3 th\u1ec3 \u0111\u1ebfn xem v\u00e0 mua s\u1eafm tr\u1ef1c ti\u1ebfp t\u1ea1i Showroom c\u1ee7a Th\u1ebf gi\u1edbi r\u00e8m Vi\u1ec7t t\u1ea1i \u0111\u1ecba ch\u1ec9: 187 Khu\u1ea5t Duy Ti\u1ebfn &#8211; Thanh Xu\u00e2n [&#8230;]\n","protected":false},"author":1,"featured_media":0,"parent":0,"menu_order":0,"comment_status":"closed","ping_status":"closed","template":"","meta":{"footnotes":""},"class_list":["post-133","page","type-page","status-publish","hentry"],"_links":{"self":[{"href":"https:\/\/thegioiremviet.vn\/bantho\/wp-json\/wp\/v2\/pages\/133","targetHints":{"allow":["GET"]}}],"collection":[{"href":"https:\/\/thegioiremviet.vn\/bantho\/wp-json\/wp\/v2\/pages"}],"about":[{"href":"https:\/\/thegioiremviet.vn\/bantho\/wp-json\/wp\/v2\/types\/page"}],"author":[{"embeddable":true,"href":"https:\/\/thegioiremviet.vn\/bantho\/wp-json\/wp\/v2\/users\/1"}],"replies":[{"embeddable":true,"href":"https:\/\/thegioiremviet.vn\/bantho\/wp-json\/wp\/v2\/comments?post=133"}],"version-history":[{"count":0,"href":"https:\/\/thegioiremviet.vn\/bantho\/wp-json\/wp\/v2\/pages\/133\/revisions"}],"wp:attachment":[{"href":"https:\/\/thegioiremviet.vn\/bantho\/wp-json\/wp\/v2\/media?parent=133"}],"curies":[{"name":"wp","href":"https:\/\/api.w.org\/{rel}","templated":true}]}}