{"id":108,"date":"2025-02-12T23:33:25","date_gmt":"2025-02-12T16:33:25","guid":{"rendered":"https:\/\/thegioiremviet.vn\/bantho\/?page_id=108"},"modified":"2025-02-19T11:20:13","modified_gmt":"2025-02-19T04:20:13","slug":"tin-tuc","status":"publish","type":"page","link":"https:\/\/thegioiremviet.vn\/bantho\/tin-tuc\/","title":{"rendered":"Tin t\u1ee9c"},"content":{"rendered":"\n  \n    <div class=\"row large-columns-1 medium-columns-1 small-columns-1 row-small has-shadow row-box-shadow-2 row-box-shadow-3-hover\" >\n  <div class=\"col post-item\" >\n\t\t\t<div class=\"col-inner\">\n\t\t\t\t<div class=\"box box-vertical box-text-bottom box-blog-post has-hover\">\n            \t\t\t\t\t<div class=\"box-image\" style=\"width:16%;\">\n  \t\t\t\t\t\t<div class=\"image-cover\" style=\"padding-top:100%;\">\n\t\t\t\t\t\t\t<a href=\"https:\/\/thegioiremviet.vn\/bantho\/ban-tho-dep\/\" class=\"plain\" aria-label=\"B\u00e0n th\u1edd trong v\u0103n h\u00f3a t\u00edn ng\u01b0\u1ee1ng c\u1ee7a ng\u01b0\u1eddi Vi\u1ec7t\">\n\t\t\t\t\t\t\t\t<img loading=\"lazy\" decoding=\"async\" width=\"300\" height=\"300\" src=\"https:\/\/thegioiremviet.vn\/bantho\/wp-content\/uploads\/2025\/02\/ban-tho1-300x300.png\" class=\"attachment-medium size-medium wp-post-image\" alt=\"B\u00e0n th\u1edd trong v\u0103n h\u00f3a t\u00edn ng\u01b0\u1ee1ng c\u1ee7a ng\u01b0\u1eddi Vi\u1ec7t\" srcset=\"https:\/\/thegioiremviet.vn\/bantho\/wp-content\/uploads\/2025\/02\/ban-tho1-300x300.png 300w, https:\/\/thegioiremviet.vn\/bantho\/wp-content\/uploads\/2025\/02\/ban-tho1-1024x1024.png 1024w, https:\/\/thegioiremviet.vn\/bantho\/wp-content\/uploads\/2025\/02\/ban-tho1-150x150.png 150w, https:\/\/thegioiremviet.vn\/bantho\/wp-content\/uploads\/2025\/02\/ban-tho1-768x767.png 768w, https:\/\/thegioiremviet.vn\/bantho\/wp-content\/uploads\/2025\/02\/ban-tho1-1536x1534.png 1536w, https:\/\/thegioiremviet.vn\/bantho\/wp-content\/uploads\/2025\/02\/ban-tho1-600x599.png 600w, https:\/\/thegioiremviet.vn\/bantho\/wp-content\/uploads\/2025\/02\/ban-tho1-100x100.png 100w, https:\/\/thegioiremviet.vn\/bantho\/wp-content\/uploads\/2025\/02\/ban-tho1.png 1818w\" sizes=\"auto, (max-width: 300px) 100vw, 300px\" \/>\t\t\t\t\t\t\t<\/a>\n  \t\t\t\t\t\t\t  \t\t\t\t\t\t\t  \t\t\t\t\t\t<\/div>\n  \t\t\t\t\t\t  \t\t\t\t\t<\/div>\n          \t\t\t\t\t<div class=\"box-text text-left is-small\" >\n\t\t\t\t\t<div class=\"box-text-inner blog-post-inner\">\n\n\t\t\t\t\t\n\t\t\t\t\t\t\t\t\t\t<h5 class=\"post-title is-large \">\n\t\t\t\t\t\t<a href=\"https:\/\/thegioiremviet.vn\/bantho\/ban-tho-dep\/\" class=\"plain\">B\u00e0n th\u1edd trong v\u0103n h\u00f3a t\u00edn ng\u01b0\u1ee1ng c\u1ee7a ng\u01b0\u1eddi Vi\u1ec7t<\/a>\n\t\t\t\t\t<\/h5>\n\t\t\t\t\t<div class=\"post-meta is-small op-8\">16\/02\/2025<\/div>\t\t\t\t\t<div class=\"is-divider\"><\/div>\n\t\t\t\t\t\t\t\t\t\t<p class=\"from_the_blog_excerpt \">\n\t\t\t\t\t\tB\u00e0n th\u1edd Trong v\u0103n h\u00f3a t\u00edn ng\u01b0\u1ee1ng c\u1ee7a ng\u01b0\u1eddi Vi\u1ec7t, b\u00e0n th\u1edd \u0111\u00f3ng vai tr\u00f2 v\u00f4 c\u00f9ng quan tr\u1ecdng, l\u00e0 n\u01a1i th\u1ec3 hi\u1ec7n l\u00f2ng th\u00e0nh k\u00ednh v\u00e0 tri \u00e2n \u0111\u1ed1i v\u1edbi \u00f4ng b\u00e0 t\u1ed5 ti\u00ean c\u0169ng nh\u01b0 t\u00edn ng\u01b0\u1ee1ng th\u1edd c\u00e1c v\u1ecb th\u1ea7n linh. Vi\u1ec7c [...]\t\t\t\t\t<\/p>\n\t\t\t\t\t                    \n\t\t\t\t\t\n\t\t\t\t\t\n\t\t\t\t\t<\/div>\n\t\t\t\t\t<\/div>\n\t\t\t\t\t\t\t\t\t<\/div>\n\t\t\t<\/div>\n\t\t<\/div><div class=\"col post-item\" >\n\t\t\t<div class=\"col-inner\">\n\t\t\t\t<div class=\"box box-vertical box-text-bottom box-blog-post has-hover\">\n            \t\t\t\t\t<div class=\"box-image\" style=\"width:16%;\">\n  \t\t\t\t\t\t<div class=\"image-cover\" style=\"padding-top:100%;\">\n\t\t\t\t\t\t\t<a href=\"https:\/\/thegioiremviet.vn\/bantho\/dia-chi-mua-ban-tho-dep\/\" class=\"plain\" aria-label=\"\u0110\u1ecba ch\u1ec9 mua b\u00e0n th\u1edd \u0111\u1eb9p\">\n\t\t\t\t\t\t\t\t<img loading=\"lazy\" decoding=\"async\" width=\"300\" height=\"202\" src=\"https:\/\/thegioiremviet.vn\/bantho\/wp-content\/uploads\/2025\/02\/ban-tho3-1-300x202.png\" class=\"attachment-medium size-medium wp-post-image\" alt=\"\u0110\u1ecba ch\u1ec9 mua b\u00e0n th\u1edd \u0111\u1eb9p\" srcset=\"https:\/\/thegioiremviet.vn\/bantho\/wp-content\/uploads\/2025\/02\/ban-tho3-1-300x202.png 300w, https:\/\/thegioiremviet.vn\/bantho\/wp-content\/uploads\/2025\/02\/ban-tho3-1-1024x688.png 1024w, https:\/\/thegioiremviet.vn\/bantho\/wp-content\/uploads\/2025\/02\/ban-tho3-1-768x516.png 768w, https:\/\/thegioiremviet.vn\/bantho\/wp-content\/uploads\/2025\/02\/ban-tho3-1-1536x1032.png 1536w, https:\/\/thegioiremviet.vn\/bantho\/wp-content\/uploads\/2025\/02\/ban-tho3-1-600x403.png 600w, https:\/\/thegioiremviet.vn\/bantho\/wp-content\/uploads\/2025\/02\/ban-tho3-1.png 2000w\" sizes=\"auto, (max-width: 300px) 100vw, 300px\" \/>\t\t\t\t\t\t\t<\/a>\n  \t\t\t\t\t\t\t  \t\t\t\t\t\t\t  \t\t\t\t\t\t<\/div>\n  \t\t\t\t\t\t  \t\t\t\t\t<\/div>\n          \t\t\t\t\t<div class=\"box-text text-left is-small\" >\n\t\t\t\t\t<div class=\"box-text-inner blog-post-inner\">\n\n\t\t\t\t\t\n\t\t\t\t\t\t\t\t\t\t<h5 class=\"post-title is-large \">\n\t\t\t\t\t\t<a href=\"https:\/\/thegioiremviet.vn\/bantho\/dia-chi-mua-ban-tho-dep\/\" class=\"plain\">\u0110\u1ecba ch\u1ec9 mua b\u00e0n th\u1edd \u0111\u1eb9p<\/a>\n\t\t\t\t\t<\/h5>\n\t\t\t\t\t<div class=\"post-meta is-small op-8\">13\/02\/2025<\/div>\t\t\t\t\t<div class=\"is-divider\"><\/div>\n\t\t\t\t\t\t\t\t\t\t<p class=\"from_the_blog_excerpt \">\n\t\t\t\t\t\tB\u00e0n th\u1edd l\u00e0 m\u1ed9t trong nh\u1eefng v\u1eadt ph\u1ea9m quan tr\u1ecdng trong m\u1ed7i gia \u0111\u00ecnh Vi\u1ec7t Nam, kh\u00f4ng ch\u1ec9 mang gi\u00e1 tr\u1ecb t\u00e2m linh m\u00e0 c\u00f2n th\u1ec3 hi\u1ec7n s\u1ef1 k\u00ednh tr\u1ecdng \u0111\u1ed1i v\u1edbi t\u1ed5 ti\u00ean v\u00e0 th\u1ea7n linh. Vi\u1ec7c l\u1ef1a ch\u1ecdn m\u1ed9t m\u1eabu b\u00e0n th\u1edd \u0111\u1eb9p, [...]\t\t\t\t\t<\/p>\n\t\t\t\t\t                    \n\t\t\t\t\t\n\t\t\t\t\t\n\t\t\t\t\t<\/div>\n\t\t\t\t\t<\/div>\n\t\t\t\t\t\t\t\t\t<\/div>\n\t\t\t<\/div>\n\t\t<\/div><div class=\"col post-item\" >\n\t\t\t<div class=\"col-inner\">\n\t\t\t\t<div class=\"box box-vertical box-text-bottom box-blog-post has-hover\">\n            \t\t\t\t\t<div class=\"box-image\" style=\"width:16%;\">\n  \t\t\t\t\t\t<div class=\"image-cover\" style=\"padding-top:100%;\">\n\t\t\t\t\t\t\t<a href=\"https:\/\/thegioiremviet.vn\/bantho\/chon-huong-va-vi-tri-dat-ban-tho\/\" class=\"plain\" aria-label=\"Ch\u1ecdn h\u01b0\u1edbng v\u00e0 v\u1ecb tr\u00ed \u0111\u1eb7t b\u00e0n th\u1edd\">\n\t\t\t\t\t\t\t\t<img loading=\"lazy\" decoding=\"async\" width=\"300\" height=\"200\" src=\"https:\/\/thegioiremviet.vn\/bantho\/wp-content\/uploads\/2025\/02\/huong-dat-ban-tho-300x200.jpg\" class=\"attachment-medium size-medium wp-post-image\" alt=\"ch\u1ecdn h\u01b0\u1edbng \u0111\u1eb7t b\u00e0n th\u1edd\" srcset=\"https:\/\/thegioiremviet.vn\/bantho\/wp-content\/uploads\/2025\/02\/huong-dat-ban-tho-300x200.jpg 300w, https:\/\/thegioiremviet.vn\/bantho\/wp-content\/uploads\/2025\/02\/huong-dat-ban-tho.jpg 600w\" sizes=\"auto, (max-width: 300px) 100vw, 300px\" \/>\t\t\t\t\t\t\t<\/a>\n  \t\t\t\t\t\t\t  \t\t\t\t\t\t\t  \t\t\t\t\t\t<\/div>\n  \t\t\t\t\t\t  \t\t\t\t\t<\/div>\n          \t\t\t\t\t<div class=\"box-text text-left is-small\" >\n\t\t\t\t\t<div class=\"box-text-inner blog-post-inner\">\n\n\t\t\t\t\t\n\t\t\t\t\t\t\t\t\t\t<h5 class=\"post-title is-large \">\n\t\t\t\t\t\t<a href=\"https:\/\/thegioiremviet.vn\/bantho\/chon-huong-va-vi-tri-dat-ban-tho\/\" class=\"plain\">Ch\u1ecdn h\u01b0\u1edbng v\u00e0 v\u1ecb tr\u00ed \u0111\u1eb7t b\u00e0n th\u1edd<\/a>\n\t\t\t\t\t<\/h5>\n\t\t\t\t\t<div class=\"post-meta is-small op-8\">13\/02\/2025<\/div>\t\t\t\t\t<div class=\"is-divider\"><\/div>\n\t\t\t\t\t\t\t\t\t\t<p class=\"from_the_blog_excerpt \">\n\t\t\t\t\t\tV\u0103n h\u00f3a ph\u01b0\u01a1ng \u0110\u00f4ng n\u00f3i chung, c\u0169ng nh\u01b0 v\u0103n h\u00f3a c\u1ee7a ng\u01b0\u1eddi Vi\u1ec7t n\u00f3i ri\u00eang, t\u1eeb \u0111\u1eddi \u00f4ng cha ta \u0111\u00e3 quan ni\u1ec7m r\u1eb1ng \u201c \u0110\u1ea5t c\u00f3 Th\u1ed5 C\u00f4ng &#8211; S\u00f4ng c\u00f3 H\u00e0 B\u00e1\u201d. \u00dd mu\u1ed1n n\u00f3i b\u1ea5t k\u00ec m\u1ed9t n\u01a1i n\u00e0o, \u0111\u1ec1u c\u00f3 s\u1ef1 [...]\t\t\t\t\t<\/p>\n\t\t\t\t\t                    \n\t\t\t\t\t\n\t\t\t\t\t\n\t\t\t\t\t<\/div>\n\t\t\t\t\t<\/div>\n\t\t\t\t\t\t\t\t\t<\/div>\n\t\t\t<\/div>\n\t\t<\/div><\/div>\n","protected":false},"excerpt":{"rendered":"","protected":false},"author":1,"featured_media":0,"parent":0,"menu_order":0,"comment_status":"closed","ping_status":"closed","template":"","meta":{"footnotes":""},"class_list":["post-108","page","type-page","status-publish","hentry"],"_links":{"self":[{"href":"https:\/\/thegioiremviet.vn\/bantho\/wp-json\/wp\/v2\/pages\/108","targetHints":{"allow":["GET"]}}],"collection":[{"href":"https:\/\/thegioiremviet.vn\/bantho\/wp-json\/wp\/v2\/pages"}],"about":[{"href":"https:\/\/thegioiremviet.vn\/bantho\/wp-json\/wp\/v2\/types\/page"}],"author":[{"embeddable":true,"href":"https:\/\/thegioiremviet.vn\/bantho\/wp-json\/wp\/v2\/users\/1"}],"replies":[{"embeddable":true,"href":"https:\/\/thegioiremviet.vn\/bantho\/wp-json\/wp\/v2\/comments?post=108"}],"version-history":[{"count":0,"href":"https:\/\/thegioiremviet.vn\/bantho\/wp-json\/wp\/v2\/pages\/108\/revisions"}],"wp:attachment":[{"href":"https:\/\/thegioiremviet.vn\/bantho\/wp-json\/wp\/v2\/media?parent=108"}],"curies":[{"name":"wp","href":"https:\/\/api.w.org\/{rel}","templated":true}]}}